{"id":2581,"date":"2023-05-30T10:38:14","date_gmt":"2023-05-30T08:38:14","guid":{"rendered":"https:\/\/jobresponse.ch\/spontaneous-application\/"},"modified":"2023-09-01T03:35:56","modified_gmt":"2023-09-01T01:35:56","slug":"spontaneous-applications","status":"publish","type":"page","link":"https:\/\/jobresponse.ch\/en\/spontaneous-applications\/","title":{"rendered":"Spontaneous application"},"content":{"rendered":"<section class=\"wpb-content-wrapper\"><p>[vc_row][vc_column][vc_column_text]<span style=\"vertical-align: inherit;\"><span style=\"vertical-align: inherit;\">[\/vc_column_text][\/vc_column][\/vc_row][vc_row rtl_reverse=&#8221;yes&#8221; el_id=&#8221;cstm_hed&#8221;][vc_column][vc_custom_heading text=&#8221;Are you looking for a job in engineering or IT and digital technology? Submit your unsolicited application.&#8221; font_container=&#8221;tag:h2|font_size:30px|text_align:center|color:%23333333&#8243; google_fonts=&#8221;font_family:Roboto%3A100%2C100italic%2C300%2C300italic%2Cregular%2Citalic%2C500%2C500italic%2C700%2C700italic%2C900%2C900italic|font_style:700%20bold%20regular%3A700%3Anormal&#8221;][vc_separator color=&#8221;turquoise&#8221; border_width=&#8221;3&#8243; el_width=&#8221;10&#8243; css=&#8221;.vc_custom_1686287867171{margin-top: 30px !important;margin-bottom: 30px !important;}&#8221;][vc_column_text]\u00a0<\/span><\/span><\/p>\n<p style=\"text-align: center; font-size: 16px; color: #707582; line-height: 35px;\">Pour recevoir des alertes concernant de nouvelles offres d&#8217;emploi, veuillez soumettre votre CV \u00e0 notre base de donn\u00e9es de candidats en compl\u00e9tant le formulaire ci-dessous.<\/p>\n<p><span style=\"vertical-align: inherit;\"><span style=\"vertical-align: inherit;\">[\/vc_column_text][\/vc_column][\/vc_row][vc_row css=&#8221;.vc_custom_1686288063981{margin-top: 80px !important;}&#8221; el_id=&#8221;cand_spont_thrdrow&#8221;][vc_column]\n<div class=\"wpcf7 no-js\" id=\"wpcf7-f2593-o1\" lang=\"en-US\" dir=\"ltr\" data-wpcf7-id=\"2593\">\n<div class=\"screen-reader-response\"><p role=\"status\" aria-live=\"polite\" aria-atomic=\"true\"><\/p> <ul><\/ul><\/div>\n<form action=\"\/en\/wp-json\/wp\/v2\/pages\/2581#wpcf7-f2593-o1\" method=\"post\" class=\"wpcf7-form init\" aria-label=\"Contact form\" enctype=\"multipart\/form-data\" novalidate=\"novalidate\" data-status=\"init\">\n<fieldset class=\"hidden-fields-container\"><input type=\"hidden\" name=\"_wpcf7\" value=\"2593\" \/><input type=\"hidden\" name=\"_wpcf7_version\" value=\"6.1.5\" \/><input type=\"hidden\" name=\"_wpcf7_locale\" value=\"en_US\" \/><input type=\"hidden\" name=\"_wpcf7_unit_tag\" value=\"wpcf7-f2593-o1\" \/><input type=\"hidden\" name=\"_wpcf7_container_post\" value=\"0\" \/><input type=\"hidden\" name=\"_wpcf7_posted_data_hash\" value=\"\" \/><input type=\"hidden\" name=\"_wpcf7_recaptcha_response\" value=\"\" \/>\n<\/fieldset>\n<div class=\"cnt_fwraper\">\n\t<p><label>Send your resume (<2MB) *:<\/label>\n\t<\/p>\n\t<div class=\"frm_data\">\n\t\t<p><span class=\"wpcf7-form-control-wrap\" data-name=\"file-347\"><input size=\"40\" class=\"wpcf7-form-control wpcf7-file\" accept=\".pdf,.doc,.docx,.jpeg,.jpg,.png\" aria-invalid=\"false\" type=\"file\" name=\"file-347\" \/><\/span>\n\t\t<\/p>\n\t<\/div>\n<\/div>\n<div class=\"cnt_fwraper\">\n\t<p><label>First name * :<\/label>\n\t<\/p>\n\t<div class=\"frm_data\">\n\t\t<p><span class=\"wpcf7-form-control-wrap\" data-name=\"text-211\"><input size=\"40\" maxlength=\"400\" class=\"wpcf7-form-control wpcf7-text\" aria-invalid=\"false\" placeholder=\"First name*\" value=\"\" type=\"text\" name=\"text-211\" \/><\/span>\n\t\t<\/p>\n\t<\/div>\n<\/div>\n<div class=\"cnt_fwraper\">\n\t<p><label>Name* :<\/label>\n\t<\/p>\n\t<div class=\"frm_data\">\n\t\t<p><span class=\"wpcf7-form-control-wrap\" data-name=\"text-212\"><input size=\"40\" maxlength=\"400\" class=\"wpcf7-form-control wpcf7-text\" aria-invalid=\"false\" placeholder=\"Name*\" value=\"\" type=\"text\" name=\"text-212\" \/><\/span>\n\t\t<\/p>\n\t<\/div>\n<\/div>\n<div class=\"cnt_fwraper\">\n\t<p><label>E-mail * :<\/label>\n\t<\/p>\n\t<div class=\"frm_data\">\n\t\t<p><span class=\"wpcf7-form-control-wrap\" data-name=\"email-580\"><input size=\"40\" maxlength=\"400\" class=\"wpcf7-form-control wpcf7-email wpcf7-validates-as-required wpcf7-text wpcf7-validates-as-email\" aria-required=\"true\" aria-invalid=\"false\" placeholder=\"E-mail*\" value=\"\" type=\"email\" name=\"email-580\" \/><\/span>\n\t\t<\/p>\n\t<\/div>\n<\/div>\n<div class=\"cnt_fwraper\">\n\t<p><label>Phone (international format)* :<\/label>\n\t<\/p>\n\t<div class=\"frm_data\">\n\t\t<p><span class=\"wpcf7-form-control-wrap\" data-name=\"tel-214\"><input size=\"40\" maxlength=\"400\" class=\"wpcf7-form-control wpcf7-tel wpcf7-text wpcf7-validates-as-tel\" aria-invalid=\"false\" placeholder=\"Phone*\" value=\"\" type=\"tel\" name=\"tel-214\" \/><\/span>\n\t\t<\/p>\n\t<\/div>\n<\/div>\n<div class=\"cnt_fwraper\">\n\t<p><label>LinkedIn profile URL :<\/label>\n\t<\/p>\n\t<div class=\"frm_data\">\n\t\t<p><span class=\"wpcf7-form-control-wrap\" data-name=\"url-968\"><input size=\"40\" maxlength=\"400\" class=\"wpcf7-form-control wpcf7-url wpcf7-text wpcf7-validates-as-url\" aria-invalid=\"false\" placeholder=\"LinkedIn profile URL\" value=\"\" type=\"url\" name=\"url-968\" \/><\/span>\n\t\t<\/p>\n\t<\/div>\n<\/div>\n<div class=\"cnt_fwraper\">\n\t<p><label>Expected position(s)* :<\/label>\n\t<\/p>\n\t<div class=\"frm_data\">\n\t\t<p><span class=\"wpcf7-form-control-wrap\" data-name=\"text-003\"><input size=\"40\" maxlength=\"400\" class=\"wpcf7-form-control wpcf7-text\" aria-invalid=\"false\" placeholder=\"Position(s)*\" value=\"\" type=\"text\" name=\"text-003\" \/><\/span>\n\t\t<\/p>\n\t<\/div>\n<\/div>\n<div class=\"cnt_fwraper\">\n\t<p><label>How did you hear about us * :<\/label>\n\t<\/p>\n\t<div class=\"frm_data\">\n\t\t<p><span class=\"wpcf7-form-control-wrap\" data-name=\"menu-120\"><select class=\"wpcf7-form-control wpcf7-select\" aria-invalid=\"false\" name=\"menu-120\"><option value=\"Make your choice\">Make your choice<\/option><option value=\"Alumni\">Alumni<\/option><option value=\"CareerHub\">CareerHub<\/option><option value=\"Jobcentre Plus\">Jobcentre Plus<\/option><option value=\"Friends \/ Word of mouth\">Friends \/ Word of mouth<\/option><option value=\"Google\">Google<\/option><option value=\"Facebook\">Facebook<\/option><option value=\"LinkedIn\">LinkedIn<\/option><option value=\"Twitter\">Twitter<\/option><option value=\"Other\">Other<\/option><\/select><\/span>\n\t\t<\/p>\n\t<\/div>\n<\/div>\n<div class=\"cnt_fwraper\" id=\"rdo_fwraper\">\n\t<p><label>Are you authorized to work in Switzerland? *<\/label>\n\t<\/p>\n\t<div class=\"frm_data\">\n\t\t<p><span class=\"wpcf7-form-control-wrap\" data-name=\"radio-659\"><span class=\"wpcf7-form-control wpcf7-radio\"><span class=\"wpcf7-list-item first\"><input type=\"radio\" name=\"radio-659\" value=\"Yes\" checked=\"checked\" \/><span class=\"wpcf7-list-item-label\">Yes<\/span><\/span><span class=\"wpcf7-list-item last\"><input type=\"radio\" name=\"radio-659\" value=\"No\" \/><span class=\"wpcf7-list-item-label\">No<\/span><\/span><\/span><\/span>\n\t\t<\/p>\n\t<\/div>\n<\/div>\n<div class=\"cnt_fwraper\">\n\t<p><label><\/label>\n\t<\/p>\n\t<div class=\"frm_data cf7cstm_fnt\">\n\t\t<p>*You can check &nbsp; <a href=\"https:\/\/www.ch.ch\/en\/foreign-nationals-in-switzerland\/working-in-switzerland\" style=\"color:blue;\">this link<\/a> &nbsp; for details on Swiss work permits.\n\t\t<\/p>\n\t<\/div>\n<\/div>\n<div class=\"cnt_fwraper\" id=\"cnt_fwraper\">\n\t<p><label>Mobility in Switzerland* :<\/label>\n\t<\/p>\n\t<div class=\"frm_data\">\n\t\t<p><span class=\"wpcf7-form-control-wrap\" data-name=\"checkbox-326\"><span class=\"wpcf7-form-control wpcf7-checkbox wpcf7-validates-as-required\"><span class=\"wpcf7-list-item first\"><label><input type=\"checkbox\" name=\"checkbox-326[]\" value=\"Geneva\" \/><span class=\"wpcf7-list-item-label\">Geneva<\/span><\/label><\/span><span class=\"wpcf7-list-item\"><label><input type=\"checkbox\" name=\"checkbox-326[]\" value=\"Vaud\" \/><span class=\"wpcf7-list-item-label\">Vaud<\/span><\/label><\/span><span class=\"wpcf7-list-item\"><label><input type=\"checkbox\" name=\"checkbox-326[]\" value=\"Fribourg\" \/><span class=\"wpcf7-list-item-label\">Fribourg<\/span><\/label><\/span><span class=\"wpcf7-list-item\"><label><input type=\"checkbox\" name=\"checkbox-326[]\" value=\"Jura\" \/><span class=\"wpcf7-list-item-label\">Jura<\/span><\/label><\/span><span class=\"wpcf7-list-item\"><label><input type=\"checkbox\" name=\"checkbox-326[]\" value=\"Neuchatel\" \/><span class=\"wpcf7-list-item-label\">Neuchatel<\/span><\/label><\/span><span class=\"wpcf7-list-item\"><label><input type=\"checkbox\" name=\"checkbox-326[]\" value=\"Valais\" \/><span class=\"wpcf7-list-item-label\">Valais<\/span><\/label><\/span><span class=\"wpcf7-list-item\"><label><input type=\"checkbox\" name=\"checkbox-326[]\" value=\"Bern\" \/><span class=\"wpcf7-list-item-label\">Bern<\/span><\/label><\/span><span class=\"wpcf7-list-item\"><label><input type=\"checkbox\" name=\"checkbox-326[]\" value=\"Lucerne\" \/><span class=\"wpcf7-list-item-label\">Lucerne<\/span><\/label><\/span><span class=\"wpcf7-list-item last\"><label><input type=\"checkbox\" name=\"checkbox-326[]\" value=\"Zurich\" \/><span class=\"wpcf7-list-item-label\">Zurich<\/span><\/label><\/span><\/span><\/span>\n\t\t<\/p>\n\t<\/div>\n<\/div>\n<div class=\"cnt_fwraper\">\n\t<p><label>Highest qualification? :<\/label>\n\t<\/p>\n\t<div class=\"frm_data\">\n\t\t<p><span class=\"wpcf7-form-control-wrap\" data-name=\"menu-831\"><select class=\"wpcf7-form-control wpcf7-select\" aria-invalid=\"false\" name=\"menu-831\"><option value=\"University college (UNI, EPF)\">University college (UNI, EPF)<\/option><option value=\"University of Applied Sciences (HES), University of Teacher Education (HEP)\">University of Applied Sciences (HES), University of Teacher Education (HEP)<\/option><option value=\"Higher vocational training, colleges\">Higher vocational training, colleges<\/option><option value=\"Teaching certificate\">Teaching certificate<\/option><option value=\"Maturity\">Maturity<\/option><option value=\"Complete learning (CFC)\">Complete learning (CFC)<\/option><option value=\"Training acquired in the company\">Training acquired in the company<\/option><option value=\"Without professional training. complete\">Without professional training. complete<\/option><\/select><\/span>\n\t\t<\/p>\n\t<\/div>\n<\/div>\n<div class=\"cnt_fwraper\">\n\t<p><label>If other, please specify... :<\/label>\n\t<\/p>\n\t<div class=\"frm_data\">\n\t\t<p><span class=\"wpcf7-form-control-wrap\" data-name=\"text-607\"><input size=\"40\" maxlength=\"400\" class=\"wpcf7-form-control wpcf7-text\" aria-invalid=\"false\" placeholder=\"If other, please specify\" value=\"\" type=\"text\" name=\"text-607\" \/><\/span>\n\t\t<\/p>\n\t<\/div>\n<\/div>\n<div class=\"cnt_fwraper\">\n\t<p><label>Current position *:<\/label>\n\t<\/p>\n\t<div class=\"frm_data\">\n\t\t<p><span class=\"wpcf7-form-control-wrap\" data-name=\"text-608\"><input size=\"40\" maxlength=\"400\" class=\"wpcf7-form-control wpcf7-text\" aria-invalid=\"false\" placeholder=\"Current position *\" value=\"\" type=\"text\" name=\"text-608\" \/><\/span>\n\t\t<\/p>\n\t<\/div>\n<\/div>\n<div class=\"cnt_fwraper\">\n\t<p><label>Notice of departure *:<\/label>\n\t<\/p>\n\t<div class=\"frm_data\">\n\t\t<p><span class=\"wpcf7-form-control-wrap\" data-name=\"menu-869\"><select class=\"wpcf7-form-control wpcf7-select wpcf7-validates-as-required\" aria-required=\"true\" aria-invalid=\"false\" name=\"menu-869\"><option value=\"1 month\">1 month<\/option><option value=\"2 months\">2 months<\/option><option value=\"3 months\">3 months<\/option><\/select><\/span>\n\t\t<\/p>\n\t<\/div>\n<\/div>\n<div class=\"cnt_fwraper\">\n\t<p><label><\/label>\n\t<\/p>\n\t<div class=\"frm_data cf7cstm_fnt\">\n\t\t<p>*Please <a href=\"https:\/\/www.ch.ch\/en\/foreign-nationals-in-switzerland \/working-in-switzerland\" style=\"color:blue;padding: 0 10px;\"><b>Check<\/b><\/a> Conditions for foreigners.\n\t\t<\/p>\n\t<\/div>\n<\/div>\n<div class=\"cnt_fwraper\">\n\t<p><label>Terms of use:<\/label>\n\t<\/p>\n\t<div class=\"frm_data\">\n\t\t<p><span class=\"wpcf7-form-control-wrap\" data-name=\"acceptance-531\"><span class=\"wpcf7-form-control wpcf7-acceptance optional\"><span class=\"wpcf7-list-item\"><label><input type=\"checkbox\" name=\"acceptance-531\" value=\"1\" aria-invalid=\"false\" \/><span class=\"wpcf7-list-item-label\">By validating this form, you automatically accept our general conditions of use and our privacy policy.<\/span><\/label><\/span><\/span><\/span>\n\t\t<\/p>\n\t<\/div>\n<\/div>\n<div class=\"cnt_fwrapercapt\">\n<span class=\"wpcf7-form-control-wrap recaptcha\" data-name=\"recaptcha\"><span data-sitekey=\"6LeRrt4mAAAAAN2f09pn85PH3fO10BuHkfsv8sN8\" class=\"wpcf7-form-control wpcf7-recaptcha g-recaptcha\"><\/span>\r\n<noscript>\r\n\t<div class=\"grecaptcha-noscript\">\r\n\t\t<iframe loading=\"lazy\" src=\"https:\/\/www.google.com\/recaptcha\/api\/fallback?k=6LeRrt4mAAAAAN2f09pn85PH3fO10BuHkfsv8sN8\" frameborder=\"0\" scrolling=\"no\" width=\"310\" height=\"430\">\r\n\t\t<\/iframe>\r\n\t\t<textarea name=\"g-recaptcha-response\" rows=\"3\" cols=\"40\" placeholder=\"reCaptcha Response Here\">\r\n\t\t<\/textarea>\r\n\t<\/div>\r\n<\/noscript>\r\n<\/span>\n<\/div>\n<div class=\"cnt_submit\">\n\t<p><input class=\"wpcf7-form-control wpcf7-submit has-spinner\" type=\"submit\" value=\"SEND\" \/>\n\t<\/p>\n<\/div><div class=\"wpcf7-response-output\" aria-hidden=\"true\"><\/div>\n<\/form>\n<\/div>\n[\/vc_column][\/vc_row][vc_row css=&#8221;.vc_custom_1686289206467{margin-top: 140px !important;}&#8221; el_id=&#8221;cand_spont_fourthrow&#8221;][vc_column width=&#8221;1\/2&#8243; el_class=&#8221;addcenter&#8221;][vc_btn title=&#8221;READ OUR TERMS AND CONDITIONS&#8221; color=&#8221;primary&#8221; align=&#8221;center&#8221; link=&#8221;url:https%3A%2F%2Fjobresponse.ch%2Fen%2Fterms-and-conditions-3%2F|title:Terms%20and%20Conditions|&#8221;][\/vc_column][vc_column width=&#8221;1\/2&#8243; el_class=&#8221;addcenter&#8221;][vc_btn title=&#8221;READ THE PRIVACY POLICY&#8221; color=&#8221;primary&#8221; align=&#8221;center&#8221; link=&#8221;url:https%3A%2F%2Fjobresponse.ch%2Fen%2Fprivacy-policy%2F|title:Privacy%20Policy|&#8221;][\/vc_column][\/vc_row][vc_row][vc_column][vc_column_text]<\/span><\/span>[\/vc_column_text][\/vc_column][\/vc_row]<\/p>\n<\/section>","protected":false},"excerpt":{"rendered":"<p>[vc_row][vc_column][vc_column_text][\/vc_column_text][\/vc_column][\/vc_row][vc_row rtl_reverse=&#8221;yes&#8221; el_id=&#8221;cstm_hed&#8221;][vc_column][vc_custom_heading text=&#8221;Are you looking for a job in engineering or IT and digital technology? Submit your unsolicited application.&#8221; font_container=&#8221;tag:h2|font_size:30px|text_align:center|color:%23333333&#8243; google_fonts=&#8221;font_family:Roboto%3A100%2C100italic%2C300%2C300italic%2Cregular%2Citalic%2C500%2C500italic%2C700%2C700italic%2C900%2C900italic|font_style:700%20bold%20regular%3A700%3Anormal&#8221;][vc_separator color=&#8221;turquoise&#8221; border_width=&#8221;3&#8243; el_width=&#8221;10&#8243; css=&#8221;.vc_custom_1686287867171{margin-top: 30px !important;margin-bottom: 30px !important;}&#8221;][vc_column_text]\u00a0 Pour recevoir des alertes concernant de nouvelles offres d&#8217;emploi, veuillez soumettre votre CV \u00e0 notre base de donn\u00e9es de candidats en compl\u00e9tant le formulaire ci-dessous&#8230;.<\/p>\n","protected":false},"author":1,"featured_media":0,"parent":0,"menu_order":0,"comment_status":"closed","ping_status":"closed","template":"","meta":{"_acf_changed":false,"footnotes":""},"class_list":["post-2581","page","type-page","status-publish","hentry"],"acf":[],"_links":{"self":[{"href":"https:\/\/jobresponse.ch\/en\/wp-json\/wp\/v2\/pages\/2581","targetHints":{"allow":["GET"]}}],"collection":[{"href":"https:\/\/jobresponse.ch\/en\/wp-json\/wp\/v2\/pages"}],"about":[{"href":"https:\/\/jobresponse.ch\/en\/wp-json\/wp\/v2\/types\/page"}],"author":[{"embeddable":true,"href":"https:\/\/jobresponse.ch\/en\/wp-json\/wp\/v2\/users\/1"}],"replies":[{"embeddable":true,"href":"https:\/\/jobresponse.ch\/en\/wp-json\/wp\/v2\/comments?post=2581"}],"version-history":[{"count":32,"href":"https:\/\/jobresponse.ch\/en\/wp-json\/wp\/v2\/pages\/2581\/revisions"}],"predecessor-version":[{"id":2818,"href":"https:\/\/jobresponse.ch\/en\/wp-json\/wp\/v2\/pages\/2581\/revisions\/2818"}],"wp:attachment":[{"href":"https:\/\/jobresponse.ch\/en\/wp-json\/wp\/v2\/media?parent=2581"}],"curies":[{"name":"wp","href":"https:\/\/api.w.org\/{rel}","templated":true}]}}